{"id":96,"date":"2024-06-05T17:43:18","date_gmt":"2024-06-05T17:43:18","guid":{"rendered":"https:\/\/wernhard.diggicell.de\/?page_id=96"},"modified":"2024-09-09T15:14:18","modified_gmt":"2024-09-09T15:14:18","slug":"kontakt","status":"publish","type":"page","link":"https:\/\/www.rechtsanwalt-wernhard.de\/?page_id=96","title":{"rendered":"Rechtsberatung"},"content":{"rendered":"\n<div class=\"wp-block-group has-global-padding is-layout-constrained wp-block-group-is-layout-constrained\">\n<div class=\"wp-block-columns is-layout-flex wp-container-core-columns-is-layout-1 wp-block-columns-is-layout-flex\">\n<div class=\"wp-block-column is-layout-flow wp-block-column-is-layout-flow\" style=\"flex-basis:100%\">\n<div class=\"wp-block-group has-global-padding is-layout-constrained wp-container-core-group-is-layout-1 wp-block-group-is-layout-constrained\" style=\"margin-top:0;margin-bottom:0;padding-top:0;padding-right:0;padding-bottom:0;padding-left:0\">\n<p><\/p>\n<\/div>\n<\/div>\n<\/div>\n<\/div>\n\n\n\n<div class=\"wp-block-columns is-layout-flex wp-container-core-columns-is-layout-2 wp-block-columns-is-layout-flex\" style=\"margin-top:var(--wp--preset--spacing--20);margin-bottom:var(--wp--preset--spacing--20);padding-top:var(--wp--preset--spacing--20);padding-right:0;padding-bottom:var(--wp--preset--spacing--20);padding-left:0\">\n<div class=\"wp-block-column has-global-padding is-layout-constrained wp-block-column-is-layout-constrained\"><div id=\"ht-block-2268397c-f252-4a9d-93ee-8848538521ae\">\n<div class=\"wpcf7 no-js\" id=\"wpcf7-f54-o1\" lang=\"de-DE\" dir=\"ltr\" data-wpcf7-id=\"54\">\n<div class=\"screen-reader-response\"><p role=\"status\" aria-live=\"polite\" aria-atomic=\"true\"><\/p> <ul><\/ul><\/div>\n<form action=\"\/index.php?rest_route=%2Fwp%2Fv2%2Fpages%2F96#wpcf7-f54-o1\" method=\"post\" class=\"wpcf7-form init\" aria-label=\"Kontaktformular\" novalidate=\"novalidate\" data-status=\"init\">\n<fieldset class=\"hidden-fields-container\"><input type=\"hidden\" name=\"_wpcf7\" value=\"54\" \/><input type=\"hidden\" name=\"_wpcf7_version\" value=\"6.1.5\" \/><input type=\"hidden\" name=\"_wpcf7_locale\" value=\"de_DE\" \/><input type=\"hidden\" name=\"_wpcf7_unit_tag\" value=\"wpcf7-f54-o1\" \/><input type=\"hidden\" name=\"_wpcf7_container_post\" value=\"0\" \/><input type=\"hidden\" name=\"_wpcf7_posted_data_hash\" value=\"\" \/><input type=\"hidden\" name=\"_extcf7_conditional_options\" value=\"{&quot;form_id&quot;:54,&quot;conditions&quot;:[]}\" \/><input type=\"hidden\" name=\"_extcf7_redirect_options\" value=\"{&quot;form_id&quot;:54,&quot;redirect_options&quot;:{&quot;redirection_enable&quot;:&quot;off&quot;,&quot;custom_url_enable&quot;:&quot;off&quot;,&quot;redirect_page&quot;:&quot;&quot;,&quot;custom_urle&quot;:&quot;&quot;,&quot;redirect_new_tab&quot;:&quot;off&quot;,&quot;js_action&quot;:&quot;off&quot;,&quot;javascript_code&quot;:&quot;&quot;}}\" \/><input type=\"hidden\" name=\"_wpcf7_recaptcha_response\" value=\"\" \/>\n<\/fieldset>\n<div class=\"container-form\">\n\t<div class=\"grid-container\" id=\"contact\">\n\t\t<div class=\"grid-item item1\">\n\t\t\t<p><span>Name <\/span><span class=\"description required\">(erforderlich)<\/span>\n\t\t\t<\/p>\n\t\t<\/div>\n\t\t<div class=\"grid-item item2\">\n\t\t\t<p><label for=\"vorname\"><span class=\"description required\">Vorname<\/span><\/label><span class=\"wpcf7-form-control-wrap\" data-name=\"vorname\"><input size=\"40\" maxlength=\"400\" class=\"wpcf7-form-control wpcf7-text wpcf7-validates-as-required\" aria-required=\"true\" aria-invalid=\"false\" value=\"\" type=\"text\" name=\"vorname\" \/><\/span>\n\t\t\t<\/p>\n\t\t<\/div>\n\t\t<div class=\"grid-item item3\">\n\t\t\t<p><label for=\"nachname\"><span class=\"description required\">Nachname<\/span><\/label><span class=\"wpcf7-form-control-wrap\" data-name=\"nachname\"><input size=\"40\" maxlength=\"400\" class=\"wpcf7-form-control wpcf7-text wpcf7-validates-as-required\" aria-required=\"true\" aria-invalid=\"false\" value=\"\" type=\"text\" name=\"nachname\" \/><\/span>\n\t\t\t<\/p>\n\t\t<\/div>\n\t\t<div class=\"grid-item item4\">\n\t\t\t<p><label for=\"email-adresse\">E-Mail Adresse <\/label><span class=\"description required\">(erforderlich)<\/span><span class=\"wpcf7-form-control-wrap\" data-name=\"email-adresse\"><input size=\"40\" maxlength=\"400\" class=\"wpcf7-form-control wpcf7-email wpcf7-validates-as-required wpcf7-text wpcf7-validates-as-email\" aria-required=\"true\" aria-invalid=\"false\" value=\"\" type=\"email\" name=\"email-adresse\" \/><\/span>\n\t\t\t<\/p>\n\t\t<\/div>\n\t\t<div class=\"grid-item item5\">\n\t\t\t<p><label for=\"nachricht\">Nachricht <\/label><span class=\"description required\">(erforderlich)<\/span><span class=\"wpcf7-form-control-wrap\" data-name=\"nachricht\"><textarea cols=\"40\" rows=\"10\" maxlength=\"2000\" class=\"wpcf7-form-control wpcf7-textarea wpcf7-validates-as-required\" aria-required=\"true\" aria-invalid=\"false\" name=\"nachricht\"><\/textarea><\/span>\n\t\t\t<\/p>\n\t\t<\/div>\n\t\t<div class=\"grid-item item6\">\n\t\t\t<p><input class=\"wpcf7-form-control wpcf7-submit has-spinner\" id=\"contact-submit\" type=\"submit\" value=\"Jetzt beraten lassen\" \/>\n\t\t\t<\/p>\n\t\t<\/div>\n\t<\/div>\n<\/div><div class=\"wpcf7-response-output\" aria-hidden=\"true\"><\/div>\n<\/form>\n<\/div>\n<\/div> \n\t\t\t\t\t<style type=\"text\/css\">\n\t\t\t\t\t\t#ht-block-2268397c-f252-4a9d-93ee-8848538521ae{\n\t\t\t\t\t\t\tmargin:0px 0px 0px 0px;\t\t\t\t\t\t}\n\t\t\t\t\t\t#ht-block-2268397c-f252-4a9d-93ee-8848538521ae .wpcf7 input:not([type=\"checkbox\"]):not([type=\"submit\"]),#ht-block-2268397c-f252-4a9d-93ee-8848538521ae .wpcf7 textarea{\n\t\t\t\t\t\t\tbackground:#fafafa;\t\t\t\t\t\t\tcolor:#666;\t\t\t\t\t\t\tpadding:8px 8px 8px 8px;\t\t\t\t\t\t\tmargin:0px 0px 0px 0px;\t\t\t\t\t\t\tborder:1px solid #c8c9cb;\t\t\t\t\t\t\tborder-radius:5px 5px 5px 5px;\t\t\t\t\t\t}\n\t\t\t\t\t\t#ht-block-2268397c-f252-4a9d-93ee-8848538521ae .wpcf7 label{\n\t\t\t\t\t\t\tcolor:#3a3a3a;\t\t\t\t\t\t}\n\t\t\t\t\t\t#ht-block-2268397c-f252-4a9d-93ee-8848538521ae .wpcf7 input[type=submit]{\n\t\t\t\t\t\t\tbackground:#0170B9;\t\t\t\t\t\t\t\t\t\t\t\t\t\tborder:1px none #000;\t\t\t\t\t\t\tborder-radius:5px 5px 5px 5px;\t\t\t\t\t\t}\n\n\t\t\t\t\t\t\n\t\t\t\t\t\t\/* Normal desktop*\/\n\t\t\t\t\t\t@media (min-width: 1300px){\n\t\t\t\t\t\t\t#ht-block-2268397c-f252-4a9d-93ee-8848538521ae .wpcf7 input[type=text],\n\t\t\t\t\t\t\t#ht-block-2268397c-f252-4a9d-93ee-8848538521ae .wpcf7 input[type=email],\n\t\t\t\t\t\t\t#ht-block-2268397c-f252-4a9d-93ee-8848538521ae .wpcf7 input[type=password],\n\t\t\t\t\t\t\t#ht-block-2268397c-f252-4a9d-93ee-8848538521ae .wpcf7 input[type=search],\n\t\t\t\t\t\t\t#ht-block-2268397c-f252-4a9d-93ee-8848538521ae .wpcf7 input[type=tel],\n\t\t\t\t\t\t\t#ht-block-2268397c-f252-4a9d-93ee-8848538521ae .wpcf7 input[type=url],\n\t\t\t\t\t\t\t#ht-block-2268397c-f252-4a9d-93ee-8848538521ae .wpcf7 select{\n\t\t\t\t\t\t\t\theight: 40px;\n\t\t\t\t\t\t\t}\n\t\t\t\t\t\t\t#ht-block-2268397c-f252-4a9d-93ee-8848538521ae .wpcf7 textarea{\n\t\t\t\t\t\t\t\theight: 175px;\n\t\t\t\t\t\t\t}\n\t\t\t\t\t\t\t#ht-block-2268397c-f252-4a9d-93ee-8848538521ae .wpcf7 input:not([type=\"checkbox\"]):not([type=\"submit\"]),#ht-block-2268397c-f252-4a9d-93ee-8848538521ae .wpcf7 textarea{\n\t\t\t\t\t\t\t\tfont-size:16px;\t\t\t\t\t\t\t}\n\t\t\t\t\t\t\t#ht-block-2268397c-f252-4a9d-93ee-8848538521ae .wpcf7 label{\n\t\t\t\t\t\t\t\tfont-size:16px;\t\t\t\t\t\t\t}\n\t\t\t\t\t\t\t#ht-block-2268397c-f252-4a9d-93ee-8848538521ae .wpcf7 input[type=submit]{\n\t\t\t\t\t\t\t\tfont-size:16px;\t\t\t\t\t\t\t\tpadding:10px 40px 10px 40px;\t\t\t\t\t\t\t\tmargin:10px 0px 10px 0px;\t\t\t\t\t\t\t}\n\t\t\t\t\t\t}\n\n\t\t\t\t\t\t\/* Normal laptop*\/\n\t\t\t\t\t\t@media (min-width: 992px) and (max-width: 1299px){\n\t\t\t\t\t\t\t#ht-block-2268397c-f252-4a9d-93ee-8848538521ae .wpcf7 input[type=text],\n\t\t\t\t\t\t\t#ht-block-2268397c-f252-4a9d-93ee-8848538521ae .wpcf7 input[type=email],\n\t\t\t\t\t\t\t#ht-block-2268397c-f252-4a9d-93ee-8848538521ae .wpcf7 input[type=password],\n\t\t\t\t\t\t\t#ht-block-2268397c-f252-4a9d-93ee-8848538521ae .wpcf7 input[type=search],\n\t\t\t\t\t\t\t#ht-block-2268397c-f252-4a9d-93ee-8848538521ae .wpcf7 input[type=tel],\n\t\t\t\t\t\t\t#ht-block-2268397c-f252-4a9d-93ee-8848538521ae .wpcf7 input[type=url],\n\t\t\t\t\t\t\t#ht-block-2268397c-f252-4a9d-93ee-8848538521ae .wpcf7 select{\n\t\t\t\t\t\t\t\theight: 35px;\n\t\t\t\t\t\t\t}\n\t\t\t\t\t\t\t#ht-block-2268397c-f252-4a9d-93ee-8848538521ae .wpcf7 textarea{\n\t\t\t\t\t\t\t\theight: 170px;\n\t\t\t\t\t\t\t}\n\t\t\t\t\t\t\t#ht-block-2268397c-f252-4a9d-93ee-8848538521ae .wpcf7 input:not([type=\"checkbox\"]):not([type=\"submit\"]),#ht-block-2268397c-f252-4a9d-93ee-8848538521ae .wpcf7 textarea{\n\t\t\t\t\t\t\t\tfont-size:14px;\t\t\t\t\t\t\t}\n\t\t\t\t\t\t\t#ht-block-2268397c-f252-4a9d-93ee-8848538521ae .wpcf7 label{\n\t\t\t\t\t\t\t\tfont-size:14px;\t\t\t\t\t\t\t}\n\t\t\t\t\t\t\t#ht-block-2268397c-f252-4a9d-93ee-8848538521ae .wpcf7 input[type=submit]{\n\t\t\t\t\t\t\t\tfont-size:14px;\t\t\t\t\t\t\t\tpadding:0px 0px 0px 0px;\t\t\t\t\t\t\t\tmargin:0px 0px 0px 0px;\t\t\t\t\t\t\t}\n\t\t\t\t\t\t}\n\n\t\t\t\t\t\t\/* Normal tablate*\/\n\t\t\t\t\t\t@media (min-width: 768px) and (max-width: 991px) {\n\t\t\t\t\t\t\t#ht-block-2268397c-f252-4a9d-93ee-8848538521ae .wpcf7 input[type=text],\n\t\t\t\t\t\t\t#ht-block-2268397c-f252-4a9d-93ee-8848538521ae .wpcf7 input[type=email],\n\t\t\t\t\t\t\t#ht-block-2268397c-f252-4a9d-93ee-8848538521ae .wpcf7 input[type=password],\n\t\t\t\t\t\t\t#ht-block-2268397c-f252-4a9d-93ee-8848538521ae .wpcf7 input[type=search],\n\t\t\t\t\t\t\t#ht-block-2268397c-f252-4a9d-93ee-8848538521ae .wpcf7 input[type=tel],\n\t\t\t\t\t\t\t#ht-block-2268397c-f252-4a9d-93ee-8848538521ae .wpcf7 input[type=url],\n\t\t\t\t\t\t\t#ht-block-2268397c-f252-4a9d-93ee-8848538521ae .wpcf7 select{\n\t\t\t\t\t\t\t\theight: 30px;\n\t\t\t\t\t\t\t}\n\t\t\t\t\t\t\t#ht-block-2268397c-f252-4a9d-93ee-8848538521ae .wpcf7 textarea{\n\t\t\t\t\t\t\t\theight: 160px;\n\t\t\t\t\t\t\t}\n\t\t\t\t\t\t\t#ht-block-2268397c-f252-4a9d-93ee-8848538521ae .wpcf7 input:not([type=\"checkbox\"]):not([type=\"submit\"]),#ht-block-2268397c-f252-4a9d-93ee-8848538521ae .wpcf7 textarea{\n\t\t\t\t\t\t\t\tfont-size:14px;\t\t\t\t\t\t\t}\n\t\t\t\t\t\t\t#ht-block-2268397c-f252-4a9d-93ee-8848538521ae .wpcf7 label{\n\t\t\t\t\t\t\t\tfont-size:14px;\t\t\t\t\t\t\t}\n\t\t\t\t\t\t\t#ht-block-2268397c-f252-4a9d-93ee-8848538521ae .wpcf7 input[type=submit]{\n\t\t\t\t\t\t\t\tfont-size:14px;\t\t\t\t\t\t\t\tpadding:0px 0px 0px 0px;\t\t\t\t\t\t\t\tmargin:0px 0px 0px 0px;\t\t\t\t\t\t\t}\n\t\t\t\t\t\t}\n\n\t\t\t\t\t\t\/* Normal mobile*\/\n\t\t\t\t\t\t@media (max-width: 767px) {\n\t\t\t\t\t\t\t#ht-block-2268397c-f252-4a9d-93ee-8848538521ae .wpcf7 input[type=text],\n\t\t\t\t\t\t\t#ht-block-2268397c-f252-4a9d-93ee-8848538521ae .wpcf7 input[type=email],\n\t\t\t\t\t\t\t#ht-block-2268397c-f252-4a9d-93ee-8848538521ae .wpcf7 input[type=password],\n\t\t\t\t\t\t\t#ht-block-2268397c-f252-4a9d-93ee-8848538521ae .wpcf7 input[type=search],\n\t\t\t\t\t\t\t#ht-block-2268397c-f252-4a9d-93ee-8848538521ae .wpcf7 input[type=tel],\n\t\t\t\t\t\t\t#ht-block-2268397c-f252-4a9d-93ee-8848538521ae .wpcf7 input[type=url],\n\t\t\t\t\t\t\t#ht-block-2268397c-f252-4a9d-93ee-8848538521ae .wpcf7 select{\n\t\t\t\t\t\t\t\theight: 30px;\n\t\t\t\t\t\t\t}\n\t\t\t\t\t\t\t#ht-block-2268397c-f252-4a9d-93ee-8848538521ae .wpcf7 textarea{\n\t\t\t\t\t\t\t\theight: 160px;\n\t\t\t\t\t\t\t}\n\t\t\t\t\t\t\t#ht-block-2268397c-f252-4a9d-93ee-8848538521ae .wpcf7 input:not([type=\"checkbox\"]):not([type=\"submit\"]),#ht-block-2268397c-f252-4a9d-93ee-8848538521ae .wpcf7 textarea{\n\t\t\t\t\t\t\t\tfont-size:14px;\t\t\t\t\t\t\t}\n\t\t\t\t\t\t\t#ht-block-2268397c-f252-4a9d-93ee-8848538521ae .wpcf7 label{\n\t\t\t\t\t\t\t\tfont-size:14px;\t\t\t\t\t\t\t}\n\t\t\t\t\t\t\t#ht-block-2268397c-f252-4a9d-93ee-8848538521ae .wpcf7 input[type=submit]{\n\t\t\t\t\t\t\t\tfont-size:14px;\t\t\t\t\t\t\t\tpadding:0px 0px 0px 0px;\t\t\t\t\t\t\t\tmargin:0px 0px 0px 0px;\t\t\t\t\t\t\t}\n\t\t\t\t\t\t}\n\t\t\t\t\t<\/style>\n\t\t\t\t<\/div>\n\n\n\n<div class=\"wp-block-column is-layout-flow wp-block-column-is-layout-flow\">\n<p>Ich biete Ihnen eine breite Palette individueller Beratungsleistungen.<\/p>\n\n\n\n<p>In einem kostenlosen Erstgespr\u00e4ch haben wir die M\u00f6glichkeit, ihren Fall ausreichend zu erfassen und Ihnen einen klaren \u00dcberblick \u00fcber die Situation und die zu treffenden Ma\u00dfnahmen zu geben.<br>So k\u00f6nnen wir gemeinsam eine ma\u00dfgeschneiderte Vorgehensweise entwickeln, die den spezifischen Bed\u00fcrfnissen und Zielen unserer Mandanten entspricht.<\/p>\n\n\n\n<p>Ich m\u00f6chte Sie daher ermutigen, ein unverbindliches Erstgespr\u00e4ch mit mir zu vereinbaren, um eine fundierte Entscheidung treffen zu k\u00f6nnen. Mein Ziel ist es, Ihnen dabei zu helfen, Ihre Rechtsfragen m\u00f6glichst zufriedenstellend zu l\u00f6sen.<\/p>\n<\/div>\n<\/div>\n\n\n\n<p><\/p>\n","protected":false},"excerpt":{"rendered":"<p>Ich biete Ihnen eine breite Palette individueller Beratungsleistungen. In einem kostenlosen Erstgespr\u00e4ch haben wir die M\u00f6glichkeit, ihren Fall ausreichend zu erfassen und Ihnen einen klaren \u00dcberblick \u00fcber die Situation und die zu treffenden Ma\u00dfnahmen zu geben.So k\u00f6nnen wir gemeinsam eine ma\u00dfgeschneiderte Vorgehensweise entwickeln, die den spezifischen Bed\u00fcrfnissen und Zielen unserer Mandanten entspricht. Ich m\u00f6chte Sie [&hellip;]<\/p>\n","protected":false},"author":1,"featured_media":0,"parent":0,"menu_order":0,"comment_status":"closed","ping_status":"closed","template":"","meta":{"footnotes":""},"class_list":["post-96","page","type-page","status-publish","hentry"],"_links":{"self":[{"href":"https:\/\/www.rechtsanwalt-wernhard.de\/index.php?rest_route=\/wp\/v2\/pages\/96","targetHints":{"allow":["GET"]}}],"collection":[{"href":"https:\/\/www.rechtsanwalt-wernhard.de\/index.php?rest_route=\/wp\/v2\/pages"}],"about":[{"href":"https:\/\/www.rechtsanwalt-wernhard.de\/index.php?rest_route=\/wp\/v2\/types\/page"}],"author":[{"embeddable":true,"href":"https:\/\/www.rechtsanwalt-wernhard.de\/index.php?rest_route=\/wp\/v2\/users\/1"}],"replies":[{"embeddable":true,"href":"https:\/\/www.rechtsanwalt-wernhard.de\/index.php?rest_route=%2Fwp%2Fv2%2Fcomments&post=96"}],"version-history":[{"count":6,"href":"https:\/\/www.rechtsanwalt-wernhard.de\/index.php?rest_route=\/wp\/v2\/pages\/96\/revisions"}],"predecessor-version":[{"id":139,"href":"https:\/\/www.rechtsanwalt-wernhard.de\/index.php?rest_route=\/wp\/v2\/pages\/96\/revisions\/139"}],"wp:attachment":[{"href":"https:\/\/www.rechtsanwalt-wernhard.de\/index.php?rest_route=%2Fwp%2Fv2%2Fmedia&parent=96"}],"curies":[{"name":"wp","href":"https:\/\/api.w.org\/{rel}","templated":true}]}}